{"id":269,"date":"2021-05-19T07:40:40","date_gmt":"2021-05-19T07:40:40","guid":{"rendered":"http:\/\/annaokroj.pl\/index.php\/about\/"},"modified":"2024-01-01T21:28:21","modified_gmt":"2024-01-01T20:28:21","slug":"about","status":"publish","type":"page","link":"https:\/\/annaokroj.pl\/index.php\/about\/","title":{"rendered":"O mnie"},"content":{"rendered":"<style>\/*! elementor - v3.6.5 - 27-04-2022 *\/<br \/>\n.elementor-widget-divider{--divider-border-style:none;--divider-border-width:1px;--divider-color:#2c2c2c;--divider-icon-size:20px;--divider-element-spacing:10px;--divider-pattern-height:24px;--divider-pattern-size:20px;--divider-pattern-url:none;--divider-pattern-repeat:repeat-x}.elementor-widget-divider .elementor-divider{display:-webkit-box;display:-ms-flexbox;display:flex}.elementor-widget-divider .elementor-divider__text{font-size:15px;line-height:1;max-width:95%}.elementor-widget-divider .elementor-divider__element{margin:0 var(--divider-element-spacing);-ms-flex-negative:0;flex-shrink:0}.elementor-widget-divider .elementor-icon{font-size:var(--divider-icon-size)}.elementor-widget-divider .elementor-divider-separator{display:-webkit-box;display:-ms-flexbox;display:flex;margin:0;direction:ltr}.elementor-widget-divider--view-line_icon .elementor-divider-separator,.elementor-widget-divider--view-line_text .elementor-divider-separator{-webkit-box-align:center;-ms-flex-align:center;align-items:center}.elementor-widget-divider--view-line_icon .elementor-divider-separator:after,.elementor-widget-divider--view-line_icon .elementor-divider-separator:before,.elementor-widget-divider--view-line_text .elementor-divider-separator:after,.elementor-widget-divider--view-line_text .elementor-divider-separator:before{display:block;content:\"\";border-bottom:0;-webkit-box-flex:1;-ms-flex-positive:1;flex-grow:1;border-top:var(--divider-border-width) var(--divider-border-style) var(--divider-color)}.elementor-widget-divider--element-align-left .elementor-divider .elementor-divider-separator>.elementor-divider__svg:first-of-type{-webkit-box-flex:0;-ms-flex-positive:0;flex-grow:0;-ms-flex-negative:100;flex-shrink:100}.elementor-widget-divider--element-align-left .elementor-divider-separator:before{content:none}.elementor-widget-divider--element-align-left .elementor-divider__element{margin-left:0}.elementor-widget-divider--element-align-right .elementor-divider .elementor-divider-separator>.elementor-divider__svg:last-of-type{-webkit-box-flex:0;-ms-flex-positive:0;flex-grow:0;-ms-flex-negative:100;flex-shrink:100}.elementor-widget-divider--element-align-right .elementor-divider-separator:after{content:none}.elementor-widget-divider--element-align-right .elementor-divider__element{margin-right:0}.elementor-widget-divider:not(.elementor-widget-divider--view-line_text):not(.elementor-widget-divider--view-line_icon) .elementor-divider-separator{border-top:var(--divider-border-width) var(--divider-border-style) var(--divider-color)}.elementor-widget-divider--separator-type-pattern{--divider-border-style:none}.elementor-widget-divider--separator-type-pattern.elementor-widget-divider--view-line .elementor-divider-separator,.elementor-widget-divider--separator-type-pattern:not(.elementor-widget-divider--view-line) .elementor-divider-separator:after,.elementor-widget-divider--separator-type-pattern:not(.elementor-widget-divider--view-line) .elementor-divider-separator:before,.elementor-widget-divider--separator-type-pattern:not([class*=elementor-widget-divider--view]) .elementor-divider-separator{width:100%;min-height:var(--divider-pattern-height);-webkit-mask-size:var(--divider-pattern-size) 100%;mask-size:var(--divider-pattern-size) 100%;-webkit-mask-repeat:var(--divider-pattern-repeat);mask-repeat:var(--divider-pattern-repeat);background-color:var(--divider-color);-webkit-mask-image:var(--divider-pattern-url);mask-image:var(--divider-pattern-url)}.elementor-widget-divider--no-spacing{--divider-pattern-size:auto}.elementor-widget-divider--bg-round{--divider-pattern-repeat:round}.rtl .elementor-widget-divider .elementor-divider__text{direction:rtl}<\/style>\n<style>\/*! elementor - v3.6.5 - 27-04-2022 *\/<br \/>\n.elementor-heading-title{padding:0;margin:0;line-height:1}.elementor-widget-heading .elementor-heading-title[class*=elementor-size-]>a{color:inherit;font-size:inherit;line-height:inherit}.elementor-widget-heading .elementor-heading-title.elementor-size-small{font-size:15px}.elementor-widget-heading .elementor-heading-title.elementor-size-medium{font-size:19px}.elementor-widget-heading .elementor-heading-title.elementor-size-large{font-size:29px}.elementor-widget-heading .elementor-heading-title.elementor-size-xl{font-size:39px}.elementor-widget-heading .elementor-heading-title.elementor-size-xxl{font-size:59px}<\/style>\n<h1>O mnie<\/h1>\n<style>\/*! elementor - v3.6.5 - 27-04-2022 *\/<br \/>\n.elementor-widget-image{text-align:center}.elementor-widget-image a{display:inline-block}.elementor-widget-image a img[src$=\".svg\"]{width:48px}.elementor-widget-image img{vertical-align:middle;display:inline-block}<\/style>\n<p><img loading=\"lazy\" decoding=\"async\" src=\"http:\/\/annaokroj.pl\/wp-content\/uploads\/2022\/05\/43099929_1475704992573199_7660537504897957888_n.jpg\" sizes=\"auto, (max-width: 464px) 100vw, 464px\" srcset=\"https:\/\/annaokroj.pl\/wp-content\/uploads\/2022\/05\/43099929_1475704992573199_7660537504897957888_n.jpg 464w, https:\/\/annaokroj.pl\/wp-content\/uploads\/2022\/05\/43099929_1475704992573199_7660537504897957888_n-300x300.jpg 300w, https:\/\/annaokroj.pl\/wp-content\/uploads\/2022\/05\/43099929_1475704992573199_7660537504897957888_n-150x150.jpg 150w, https:\/\/annaokroj.pl\/wp-content\/uploads\/2022\/05\/43099929_1475704992573199_7660537504897957888_n-75x75.jpg 75w\" alt=\"\" width=\"464\" height=\"464\" \/><\/p>\n<h6>O mnie<\/h6>\n<h2>&#8230;<\/h2>\n<p>Od lat jestem zaanga\u017cowana w pomoc innym seniorom, osob\u0105 potrzebuj\u0105cym oraz uczniom b\u0119d\u0105cym w trudnej sytuacji materialnej lub \u017cyciowej albo pochodz\u0105cych z rodzin ubogich albo patologicznych, nie tylko szukam sponsor\u00f3w ale czynnie\u00a0 wsp\u00f3\u0142pracuje z instytucjami np. MOPS Rumia, aby w nale\u017cyty spos\u00f3b pom\u00f3c uczniom. Wsp\u00f3\u0142pracuje z jednostkami systemu ochrony zdrowia, policj\u0105, kuratorami, s\u0105dami, stra\u017c\u0105 miejsk\u0105 oraz rodzicami w zakresie zapobiegania i usuwania przejaw\u00f3w patologii spo\u0142ecznej dzieci. Jestem zaanga\u017cowana w wolontariat a\u00a0 w swojej pracy zawodowej promuje i zach\u0119cam uczni\u00f3w a zw\u0142aszcza tych ze specjalnymi potrzebami edukacyjnymi aby przekierowali swoja uwag\u0119 na sukces, wy\u0142uskiwali swoje talenty i unikatowe zdolno\u015bci uczni\u00f3w.<br \/>\nW roku 2018 r. otrzyma\u0142am tytu\u0142 Osobowo\u015bci Roku 2018 \u2013 w mie\u015bcie Rumi \u2013 plebiscyt prowadzony przez Dziennik Ba\u0142tycki \u2013 w kategorii dzia\u0142alno\u015b\u0107 spo\u0142eczna i charytatywna. Pracuje jako\u00a0 pedagog szkolny w Szkole Podstawowej nr 8 ks. Stanis\u0142awa Ormi\u0144skiego oraz jako pedagog specjalny w Szkole Podstawowej nr 4 im. Janusza Korczaka.<\/p>\n<p>&nbsp;<\/p>\n<p>&nbsp;<\/p>\n","protected":false},"excerpt":{"rendered":"<p>O mnie O mnie &#8230; Od lat jestem zaanga\u017cowana w pomoc innym seniorom, osob\u0105 potrzebuj\u0105cym oraz uczniom b\u0119d\u0105cym w trudnej sytuacji materialnej lub \u017cyciowej albo pochodz\u0105cych z rodzin ubogich albo patologicznych, nie tylko szukam sponsor\u00f3w ale czynnie\u00a0 wsp\u00f3\u0142pracuje z instytucjami np. MOPS Rumia, aby w nale\u017cyty spos\u00f3b pom\u00f3c uczniom. Wsp\u00f3\u0142pracuje z jednostkami systemu ochrony zdrowia, &hellip;<\/p>\n<p class=\"read-more\"> <a class=\"\" href=\"https:\/\/annaokroj.pl\/index.php\/about\/\"> <span class=\"screen-reader-text\">O mnie<\/span> Read More &raquo;<\/a><\/p>\n","protected":false},"author":1,"featured_media":0,"parent":0,"menu_order":0,"comment_status":"closed","ping_status":"closed","template":"","meta":{"site-sidebar-layout":"no-sidebar","site-content-layout":"page-builder","ast-global-header-display":"","ast-main-header-display":"","ast-hfb-above-header-display":"","ast-hfb-below-header-display":"","ast-hfb-mobile-header-display":"","site-post-title":"disabled","ast-breadcrumbs-content":"disabled","ast-featured-img":"disabled","footer-sml-layout":"","theme-transparent-header-meta":"enabled","adv-header-id-meta":"","stick-header-meta":"","header-above-stick-meta":"","header-main-stick-meta":"","header-below-stick-meta":"","footnotes":""},"class_list":["post-269","page","type-page","status-publish","hentry"],"_links":{"self":[{"href":"https:\/\/annaokroj.pl\/index.php\/wp-json\/wp\/v2\/pages\/269","targetHints":{"allow":["GET"]}}],"collection":[{"href":"https:\/\/annaokroj.pl\/index.php\/wp-json\/wp\/v2\/pages"}],"about":[{"href":"https:\/\/annaokroj.pl\/index.php\/wp-json\/wp\/v2\/types\/page"}],"author":[{"embeddable":true,"href":"https:\/\/annaokroj.pl\/index.php\/wp-json\/wp\/v2\/users\/1"}],"replies":[{"embeddable":true,"href":"https:\/\/annaokroj.pl\/index.php\/wp-json\/wp\/v2\/comments?post=269"}],"version-history":[{"count":13,"href":"https:\/\/annaokroj.pl\/index.php\/wp-json\/wp\/v2\/pages\/269\/revisions"}],"predecessor-version":[{"id":663,"href":"https:\/\/annaokroj.pl\/index.php\/wp-json\/wp\/v2\/pages\/269\/revisions\/663"}],"wp:attachment":[{"href":"https:\/\/annaokroj.pl\/index.php\/wp-json\/wp\/v2\/media?parent=269"}],"curies":[{"name":"wp","href":"https:\/\/api.w.org\/{rel}","templated":true}]}}