{"id":587,"date":"2023-07-29T23:47:16","date_gmt":"2023-07-29T21:47:16","guid":{"rendered":"https:\/\/annaokroj.pl\/?page_id=587"},"modified":"2024-01-01T21:19:41","modified_gmt":"2024-01-01T20:19:41","slug":"obecna_dzialalnosc","status":"publish","type":"page","link":"https:\/\/annaokroj.pl\/index.php\/obecna_dzialalnosc\/","title":{"rendered":"Obecna dzia\u0142alno\u015b\u0107"},"content":{"rendered":"<style>\/*! elementor - v3.6.5 - 27-04-2022 *\/<br \/>\n.elementor-widget-divider{--divider-border-style:none;--divider-border-width:1px;--divider-color:#2c2c2c;--divider-icon-size:20px;--divider-element-spacing:10px;--divider-pattern-height:24px;--divider-pattern-size:20px;--divider-pattern-url:none;--divider-pattern-repeat:repeat-x}.elementor-widget-divider .elementor-divider{display:-webkit-box;display:-ms-flexbox;display:flex}.elementor-widget-divider .elementor-divider__text{font-size:15px;line-height:1;max-width:95%}.elementor-widget-divider .elementor-divider__element{margin:0 var(--divider-element-spacing);-ms-flex-negative:0;flex-shrink:0}.elementor-widget-divider .elementor-icon{font-size:var(--divider-icon-size)}.elementor-widget-divider .elementor-divider-separator{display:-webkit-box;display:-ms-flexbox;display:flex;margin:0;direction:ltr}.elementor-widget-divider--view-line_icon .elementor-divider-separator,.elementor-widget-divider--view-line_text .elementor-divider-separator{-webkit-box-align:center;-ms-flex-align:center;align-items:center}.elementor-widget-divider--view-line_icon .elementor-divider-separator:after,.elementor-widget-divider--view-line_icon .elementor-divider-separator:before,.elementor-widget-divider--view-line_text .elementor-divider-separator:after,.elementor-widget-divider--view-line_text .elementor-divider-separator:before{display:block;content:\"\";border-bottom:0;-webkit-box-flex:1;-ms-flex-positive:1;flex-grow:1;border-top:var(--divider-border-width) var(--divider-border-style) var(--divider-color)}.elementor-widget-divider--element-align-left .elementor-divider .elementor-divider-separator>.elementor-divider__svg:first-of-type{-webkit-box-flex:0;-ms-flex-positive:0;flex-grow:0;-ms-flex-negative:100;flex-shrink:100}.elementor-widget-divider--element-align-left .elementor-divider-separator:before{content:none}.elementor-widget-divider--element-align-left .elementor-divider__element{margin-left:0}.elementor-widget-divider--element-align-right .elementor-divider .elementor-divider-separator>.elementor-divider__svg:last-of-type{-webkit-box-flex:0;-ms-flex-positive:0;flex-grow:0;-ms-flex-negative:100;flex-shrink:100}.elementor-widget-divider--element-align-right .elementor-divider-separator:after{content:none}.elementor-widget-divider--element-align-right .elementor-divider__element{margin-right:0}.elementor-widget-divider:not(.elementor-widget-divider--view-line_text):not(.elementor-widget-divider--view-line_icon) .elementor-divider-separator{border-top:var(--divider-border-width) var(--divider-border-style) var(--divider-color)}.elementor-widget-divider--separator-type-pattern{--divider-border-style:none}.elementor-widget-divider--separator-type-pattern.elementor-widget-divider--view-line .elementor-divider-separator,.elementor-widget-divider--separator-type-pattern:not(.elementor-widget-divider--view-line) .elementor-divider-separator:after,.elementor-widget-divider--separator-type-pattern:not(.elementor-widget-divider--view-line) .elementor-divider-separator:before,.elementor-widget-divider--separator-type-pattern:not([class*=elementor-widget-divider--view]) .elementor-divider-separator{width:100%;min-height:var(--divider-pattern-height);-webkit-mask-size:var(--divider-pattern-size) 100%;mask-size:var(--divider-pattern-size) 100%;-webkit-mask-repeat:var(--divider-pattern-repeat);mask-repeat:var(--divider-pattern-repeat);background-color:var(--divider-color);-webkit-mask-image:var(--divider-pattern-url);mask-image:var(--divider-pattern-url)}.elementor-widget-divider--no-spacing{--divider-pattern-size:auto}.elementor-widget-divider--bg-round{--divider-pattern-repeat:round}.rtl .elementor-widget-divider .elementor-divider__text{direction:rtl}<\/style>\n<style>\/*! elementor - v3.6.5 - 27-04-2022 *\/<br \/>\n.elementor-heading-title{padding:0;margin:0;line-height:1}.elementor-widget-heading .elementor-heading-title[class*=elementor-size-]>a{color:inherit;font-size:inherit;line-height:inherit}.elementor-widget-heading .elementor-heading-title.elementor-size-small{font-size:15px}.elementor-widget-heading .elementor-heading-title.elementor-size-medium{font-size:19px}.elementor-widget-heading .elementor-heading-title.elementor-size-large{font-size:29px}.elementor-widget-heading .elementor-heading-title.elementor-size-xl{font-size:39px}.elementor-widget-heading .elementor-heading-title.elementor-size-xxl{font-size:59px}<\/style>\n<h1>Obecna dzia\u0142alno\u015b\u0107<\/h1>\n<style>\/*! elementor - v3.6.5 - 27-04-2022 *\/<br \/>\n.elementor-widget-image{text-align:center}.elementor-widget-image a{display:inline-block}.elementor-widget-image a img[src$=\".svg\"]{width:48px}.elementor-widget-image img{vertical-align:middle;display:inline-block}<\/style>\n<p><img loading=\"lazy\" decoding=\"async\" src=\"http:\/\/annaokroj.pl\/wp-content\/uploads\/2022\/05\/43099929_1475704992573199_7660537504897957888_n.jpg\" sizes=\"auto, (max-width: 464px) 100vw, 464px\" srcset=\"https:\/\/annaokroj.pl\/wp-content\/uploads\/2022\/05\/43099929_1475704992573199_7660537504897957888_n.jpg 464w, https:\/\/annaokroj.pl\/wp-content\/uploads\/2022\/05\/43099929_1475704992573199_7660537504897957888_n-300x300.jpg 300w, https:\/\/annaokroj.pl\/wp-content\/uploads\/2022\/05\/43099929_1475704992573199_7660537504897957888_n-150x150.jpg 150w, https:\/\/annaokroj.pl\/wp-content\/uploads\/2022\/05\/43099929_1475704992573199_7660537504897957888_n-75x75.jpg 75w\" alt=\"\" width=\"464\" height=\"464\" \/><\/p>\n<h2><\/h2>\n<h2>Jako radna Rady Miejskiej w Rumi z ramienia Komitetu Wyborczego Wyborc\u00f3w Micha\u0142a Pasiecznego Ponad Podzia\u0142ami<\/h2>\n<h4><strong>Lata 2018-2019<\/strong><br \/>\nz\u0142o\u017cy\u0142am\u00a0nast\u0119puj\u0105ce interpelacje oraz zapytania<\/h4>\n<p><a href=\"https:\/\/annaokroj.pl\/wp-content\/uploads\/2024\/01\/interpelacje_brm.0003.2.21.2019_a._okroj.pdf\">1. interpelacje_brm.0003.2.21.2019_a._okroj<\/a><\/p>\n<p><strong>Rok\u00a0 2020<br \/>\n<\/strong><br \/>\n<a href=\"https:\/\/annaokroj.pl\/wp-content\/uploads\/2024\/01\/brm.0003.2.10.2020_-_interpelacja_a._okroj.pdf\">1. brm.0003.2.10.2020_-_interpelacja_a._okroj<\/a><br \/>\n<a href=\"https:\/\/annaokroj.pl\/wp-content\/uploads\/2024\/01\/brm.0003.2.11.2020_-_interpelacja_a._okroj.pdf\">2. brm.0003.2.11.2020_-_interpelacja_a._okroj<\/a><\/p>\n<p><a href=\"https:\/\/annaokroj.pl\/wp-content\/uploads\/2024\/01\/brm.0003.2.17.2020_-_interpelacja_a._okroj.pdf\">3. brm.0003.2.17.2020_-_interpelacja_a._okroj<\/a><br \/>\n<a href=\"https:\/\/annaokroj.pl\/wp-content\/uploads\/2024\/01\/brm.0003.2.18.2020_-__interpelacja_a._okroj.pdf\">4. brm.0003.2.18.2020_-__interpelacja_a._okroj<\/a><br \/>\n<a href=\"https:\/\/annaokroj.pl\/wp-content\/uploads\/2024\/01\/brm.0003.2.41.2020_-_interpelacja_a._okroj.pdf\">5. brm.0003.2.41.2020_-_interpelacja_a._okroj<\/a><br \/>\n<a href=\"https:\/\/annaokroj.pl\/wp-content\/uploads\/2024\/01\/brm.0003.2.42.2020_-_interpelacja_a._okroj.pdf\">6. brm.0003.2.42.2020_-_interpelacja_a._okroj<\/a><\/p>\n<h2><strong>Rok 2021<\/strong><\/h2>\n<p>1.<a href=\"https:\/\/annaokroj.pl\/wp-content\/uploads\/2024\/01\/brm.0003.1.7.2021_-_zapytanie_a._okroj-3.pdf\">brm.0003.1.7.2021_-_zapytanie_a._okroj<br \/>\n2. <\/a><a href=\"https:\/\/annaokroj.pl\/wp-content\/uploads\/2024\/01\/brm.0003.1.8.2021_-_zapytanie_a._okroj-5.pdf\">brm.0003.1.8.2021_-_zapytanie_a._okroj<br \/>\n3<\/a>\u00a0<a href=\"https:\/\/annaokroj.pl\/wp-content\/uploads\/2024\/01\/brm.0003.1.10.2021_-_zapytanie_a._okroj-5.pdf\">brm.0003.1.10.2021_-_zapytanie_a._okroj<br \/>\n4.<\/a>\u00a0<a href=\"https:\/\/annaokroj.pl\/wp-content\/uploads\/2024\/01\/brm.0003.1.11.2021_-_zapytanie_a._okroj-6.pdf\">brm.0003.1.11.2021_-_zapytanie_a._okroj<br \/>\n5. <\/a><a href=\"https:\/\/annaokroj.pl\/wp-content\/uploads\/2024\/01\/brm.0003.1.12.2021_-_zapytanie_a._okroj-5.pdf\">brm.0003.1.12.2021_-_zapytanie_a._okroj 6.<\/a>\u00a0<a href=\"https:\/\/annaokroj.pl\/wp-content\/uploads\/2024\/01\/brm.0003.1.13.2021_-_zapytanie_a._okroj-4.pdf\">brm.0003.1.13.2021_-_zapytanie_a._okroj<br \/>\n7.<\/a>\u00a0<a href=\"https:\/\/annaokroj.pl\/wp-content\/uploads\/2024\/01\/brm.0003.1.17.2021_zapytanie_a._okroj.-6.pdf\">brm.0003.1.17.2021_zapytanie_a._okroj.<br \/>\n8.<\/a>\u00a0<a href=\"https:\/\/annaokroj.pl\/wp-content\/uploads\/2024\/01\/brm.0003.1.18.2021_-_zapytanie_a._okroj-3.pdf\">brm.0003.1.18.2021_-_zapytanie_a._okroj<br \/>\n9.<\/a><a href=\"https:\/\/annaokroj.pl\/wp-content\/uploads\/2024\/01\/brm.0003.2.12.2021_-_interpelacja_a._okroj-3.pdf\">brm.0003.2.12.2021_-_interpelacja_a._okroj<br \/>\n<\/a>10.<a href=\"https:\/\/annaokroj.pl\/wp-content\/uploads\/2024\/01\/brm.0003.2.13.2021_-_interpelacja_a._okroj_l._barela-palczewska-2.pdf\">brm.0003.2.13.2021_-_interpelacja_a._okroj_l._barela-palczewska (2)<\/a><br \/>\n11.<a href=\"https:\/\/annaokroj.pl\/wp-content\/uploads\/2024\/01\/brm.0003.2.14.2021_-_interpelacja_a._okroj_l._barela-palczewska-2.pdf\">brm.0003.2.14.2021_-_interpelacja_a._okroj_l._barela-palczewska (2)<\/a><br \/>\n12.<a href=\"https:\/\/annaokroj.pl\/wp-content\/uploads\/2024\/01\/brm.0003.2.15.2021_-_interpelacja_a._okroj-3.pdf\">brm.0003.2.15.2021_-_interpelacja_a._okroj (3)<\/a><\/p>\n<p>&nbsp;<\/p>\n<h4><strong>Rok 2022<\/strong><\/h4>\n<p><a href=\"https:\/\/annaokroj.pl\/wp-content\/uploads\/2024\/01\/brm.0003.2.5.2022_-_interpelacja_a._okroj-4.pdf\">1.brm.0003.2.5.2022_-_interpelacja_a._okroj<br \/>\n2.<\/a> <a href=\"https:\/\/annaokroj.pl\/wp-content\/uploads\/2024\/01\/brm.0003.2.6.2022_-_interpelacja_a._okroj-2.pdf\">brm.0003.2.6.2022_-_interpelacja_a._okroj<br \/>\n<\/a>3.<a href=\"https:\/\/annaokroj.pl\/wp-content\/uploads\/2024\/01\/brm.0003.1.2.2022_-_zapytanie_a._okroj-5.pdf\">brm.0003.1.2.2022_-_zapytanie_a._okroj<br \/>\n4.<\/a>\u00a0<a href=\"https:\/\/annaokroj.pl\/wp-content\/uploads\/2024\/01\/brm.0003.1.4.2022_-_zapytanie_a._okroj-4.pdf\">brm.0003.1.4.2022_-_zapytanie_a._okroj<br \/>\n5.<\/a>\u00a0<a href=\"https:\/\/annaokroj.pl\/wp-content\/uploads\/2024\/01\/BRM.0003.1.6.2022_-_zapytanie_A._Okroj-3.pdf\">BRM.0003.1.6.2022_-_zapytanie_A._Okroj<br \/>\n6.<\/a>\u00a0<a href=\"https:\/\/annaokroj.pl\/wp-content\/uploads\/2024\/01\/brm.0003.1.7.2022_-_zapytanie_a._okroj-4.pdf\">brm.0003.1.7.2022_-_zapytanie_a._okroj<br \/>\n7.<\/a>\u00a0<a href=\"https:\/\/annaokroj.pl\/wp-content\/uploads\/2024\/01\/brm.0003.1.8.2022_-_zapytanie_a._okroj-2.pdf\">brm.0003.1.8.2022_-_zapytanie_a._okroj<br \/>\n8.<\/a>\u00a0<a href=\"https:\/\/annaokroj.pl\/wp-content\/uploads\/2024\/01\/brm.0003.2.7.2022_-_interpelacja_a._okroj-4.pdf\">brm.0003.2.7.2022_-_interpelacja_a._okroj<br \/>\n9.<\/a>\u00a0<a href=\"https:\/\/annaokroj.pl\/wp-content\/uploads\/2024\/01\/brm.0003.2.12.2022_-_interpelacja_a._okroj-2.pdf\">brm.0003.2.12.2022_-_interpelacja_a._okroj<br \/>\n10.<\/a>\u00a0<a href=\"https:\/\/annaokroj.pl\/wp-content\/uploads\/2024\/01\/BRM.0003.2.13.2022_-interpelacja_A._Okroj-3.pdf\">BRM.0003.2.13.2022_-interpelacja_A._Okroj<br \/>\n11.<\/a>\u00a0<a href=\"https:\/\/annaokroj.pl\/wp-content\/uploads\/2024\/01\/brm.0003.2.14.2022_-_interpelacja_a._okroj-2.pdf\">brm.0003.2.14.2022_-_interpelacja_a._okroj<br \/>\n12.<\/a>\u00a0<a href=\"https:\/\/annaokroj.pl\/wp-content\/uploads\/2024\/01\/brm.0003.2.15.2022_-_interpelacja_a._okroj-2.pdf\">brm.0003.2.15.2022_-_interpelacja_a._okroj<br \/>\n13.<\/a>\u00a0<a href=\"https:\/\/annaokroj.pl\/wp-content\/uploads\/2024\/01\/BRM.0003.2.28.2022_-_interpelacja_A._Okroj-1.pdf\">BRM.0003.2.28.2022_-_interpelacja_A._Okroj <\/a><\/p>\n<h4><strong>Rok 2023<\/strong><\/h4>\n<p>1.<a href=\"https:\/\/annaokroj.pl\/wp-content\/uploads\/2024\/01\/brm.0003.1.3.2023_-_zapytanie_a._okroj_l._barela-palczewska.pdf\">brm.0003.1.3.2023_-_zapytanie_a._okroj_l._barela-palczewska<br \/>\n2. <\/a><a href=\"https:\/\/annaokroj.pl\/wp-content\/uploads\/2024\/01\/brm.0003.1.4.2023_-_zapytanie_a._okroj_l._barela-palczewska.pdf\">brm.0003.1.4.2023_-_zapytanie_a._okroj_l._barela-palczewska<\/a><br \/>\n3. <a style=\"font-size: 16px;\" href=\"https:\/\/annaokroj.pl\/wp-content\/uploads\/2024\/01\/brm.0003.1.5.2023_-_zapytanie_a._okroj_1-2.pdf\">brm.0003.1.5.2023_-_zapytanie_a._okroj_<\/a><br \/>\n<a href=\"https:\/\/annaokroj.pl\/wp-content\/uploads\/2024\/01\/brm.0003.1.5.2023_-_zapytanie_a._okroj_1-2.pdf\">4.<\/a>\u00a0<a href=\"https:\/\/annaokroj.pl\/wp-content\/uploads\/2024\/01\/brm.0003.1.6.2023_-_zapytanie_a._okroj_1-3.pdf\">brm.0003.1.6.2023_-_zapytanie_a._okroj_1<br \/>\n5.<\/a>\u00a0<a href=\"https:\/\/annaokroj.pl\/wp-content\/uploads\/2024\/01\/brm.0003.2.3.2023_-_interpelacja_a._okroj.pdf\">brm.0003.2.3.2023_-_interpelacja_a._okroj<\/a><\/p>\n<p>6.<a href=\"https:\/\/annaokroj.pl\/wp-content\/uploads\/2024\/01\/brm.0003.2.4.2023_-_interpelacja_a._okroj.pdf\">brm.0003.2.4.2023_-_interpelacja_a._okroj<\/a><\/p>\n<p>7.<a href=\"https:\/\/annaokroj.pl\/wp-content\/uploads\/2024\/01\/brm.0003.2.5.2023_-_interpelacja_a._okroj.pdf\">brm.0003.2.5.2023_-_interpelacja_a._okroj<\/a><\/p>\n<p>8.<a href=\"https:\/\/annaokroj.pl\/wp-content\/uploads\/2024\/01\/brm.0003.2.16.2023_-_interpelacja_a._okroj-1.pdf\">brm.0003.2.16.2023_-_interpelacja_a._okroj<br \/>\n9.<\/a>\u00a0<a href=\"https:\/\/annaokroj.pl\/wp-content\/uploads\/2024\/01\/brm.0003.2.17.2023_-_interpelacja_a._okroj.pdf\">brm.0003.2.17.2023_-_interpelacja_a._okroj<\/a><\/p>\n<p>10.<a href=\"https:\/\/annaokroj.pl\/wp-content\/uploads\/2024\/01\/brm.0003.2.18.2023_-_interpelacja_a._okroj-3.pdf\">brm.0003.2.18.2023_-_interpelacja_a._okroj<br \/>\n11.<\/a>\u00a0<a href=\"https:\/\/annaokroj.pl\/wp-content\/uploads\/2024\/01\/brm.0003.2.19.2023_-_interpelacja_a._okroj-3.pdf\">brm.0003.2.19.2023_-_interpelacja_a._okroj<br \/>\n12.<\/a>\u00a0<a href=\"https:\/\/annaokroj.pl\/wp-content\/uploads\/2024\/01\/brm.0003.2.20.2023__-_interpelacja_a._okroj-2.pdf\">brm.0003.2.20.2023__-_interpelacja_a._okroj<br \/>\n<\/a>13. <a href=\"https:\/\/annaokroj.pl\/wp-content\/uploads\/2024\/01\/brm.0003.2.34.2023_-_interpelacja_a._okroj.pdf\">brm.0003.2.34.2023_-_interpelacja_a._okroj<\/a><\/p>\n<p>14.<a href=\"https:\/\/annaokroj.pl\/wp-content\/uploads\/2024\/01\/brm.0003.2.35.2023_-_interpelacja_a._okroj.pdf\">brm.0003.2.35.2023_-_interpelacja_a._okroj<\/a><\/p>\n<p>15.<a href=\"https:\/\/annaokroj.pl\/wp-content\/uploads\/2024\/01\/brm.0003.2.37.2023_-_interpelacja_a._okroj.pdf\">brm.0003.2.37.2023_-_interpelacja_a._okroj<\/a><\/p>\n<p>16.<a href=\"https:\/\/annaokroj.pl\/wp-content\/uploads\/2024\/01\/brm_0003_1_7_2023-zapytanie_a-okroj-1.pdf\">brm_0003_1_7_2023-zapytanie_a-okroj<br \/>\n17.<\/a>\u00a0<a href=\"https:\/\/annaokroj.pl\/wp-content\/uploads\/2024\/01\/brm_0003_2_22_2023-interpelacja-a-okroj-1.pdf\">brm_0003_2_22_2023-interpelacja-a-okroj<br \/>\n18.<\/a>\u00a0<a href=\"https:\/\/annaokroj.pl\/wp-content\/uploads\/2024\/01\/brm_0003_2_23_2023-interpelacja-a-okroj-1.pdf\">brm_0003_2_23_2023-interpelacja-a-okroj (1)<\/a><\/p>\n<p>&nbsp;<\/p>\n<p class=\"h2 paddingTop1 trescCenterR \">Rumia\u00a0 znacz\u0105ce inwestycje<br \/>\n2019 r.<br \/>\n<a href=\"https:\/\/rumia.eu\/rumia-realizuje-kolejne-znaczace-inwestycje\">https:\/\/rumia.eu\/rumia-realizuje-kolejne-znaczace-inwestycje<\/a><br \/>\n<a href=\"https:\/\/rumia.eu\/rusza-przebudowa-bardzo-kolizyjnego-skrzyzowania\">https:\/\/rumia.eu\/rusza-przebudowa-bardzo-kolizyjnego-skrzyzowania<\/a><br \/>\n<a href=\"https:\/\/rumia.eu\/trwa-realizacja-kolejnych-inwestycji\">https:\/\/rumia.eu\/trwa-realizacja-kolejnych-inwestycji<\/a><br \/>\n<a href=\"https:\/\/rumia.eu\/zakonczyla-sie-przebudowa-kolizyjnego-skrzyzowania\">https:\/\/rumia.eu\/zakonczyla-sie-przebudowa-kolizyjnego-skrzyzowania<br \/>\n<\/a><\/p>\n<p>&nbsp;<\/p>\n<p>&nbsp;<\/p>\n","protected":false},"excerpt":{"rendered":"<p>Obecna dzia\u0142alno\u015b\u0107 Jako radna Rady Miejskiej w Rumi z ramienia Komitetu Wyborczego Wyborc\u00f3w Micha\u0142a Pasiecznego Ponad Podzia\u0142ami Lata 2018-2019 z\u0142o\u017cy\u0142am\u00a0nast\u0119puj\u0105ce interpelacje oraz zapytania 1. interpelacje_brm.0003.2.21.2019_a._okroj Rok\u00a0 2020 1. brm.0003.2.10.2020_-_interpelacja_a._okroj 2. brm.0003.2.11.2020_-_interpelacja_a._okroj 3. brm.0003.2.17.2020_-_interpelacja_a._okroj 4. brm.0003.2.18.2020_-__interpelacja_a._okroj 5. brm.0003.2.41.2020_-_interpelacja_a._okroj 6. brm.0003.2.42.2020_-_interpelacja_a._okroj Rok 2021 1.brm.0003.1.7.2021_-_zapytanie_a._okroj 2. brm.0003.1.8.2021_-_zapytanie_a._okroj 3\u00a0brm.0003.1.10.2021_-_zapytanie_a._okroj 4.\u00a0brm.0003.1.11.2021_-_zapytanie_a._okroj 5. brm.0003.1.12.2021_-_zapytanie_a._okroj 6.\u00a0brm.0003.1.13.2021_-_zapytanie_a._okroj 7.\u00a0brm.0003.1.17.2021_zapytanie_a._okroj. 8.\u00a0brm.0003.1.18.2021_-_zapytanie_a._okroj 9.brm.0003.2.12.2021_-_interpelacja_a._okroj 10.brm.0003.2.13.2021_-_interpelacja_a._okroj_l._barela-palczewska (2) 11.brm.0003.2.14.2021_-_interpelacja_a._okroj_l._barela-palczewska &hellip;<\/p>\n<p class=\"read-more\"> <a class=\"\" href=\"https:\/\/annaokroj.pl\/index.php\/obecna_dzialalnosc\/\"> <span class=\"screen-reader-text\">Obecna dzia\u0142alno\u015b\u0107<\/span> Read More &raquo;<\/a><\/p>\n","protected":false},"author":1,"featured_media":0,"parent":0,"menu_order":0,"comment_status":"closed","ping_status":"closed","template":"","meta":{"site-sidebar-layout":"no-sidebar","site-content-layout":"page-builder","ast-global-header-display":"","ast-main-header-display":"","ast-hfb-above-header-display":"","ast-hfb-below-header-display":"","ast-hfb-mobile-header-display":"","site-post-title":"disabled","ast-breadcrumbs-content":"disabled","ast-featured-img":"disabled","footer-sml-layout":"","theme-transparent-header-meta":"enabled","adv-header-id-meta":"","stick-header-meta":"","header-above-stick-meta":"","header-main-stick-meta":"","header-below-stick-meta":"","footnotes":""},"class_list":["post-587","page","type-page","status-publish","hentry"],"_links":{"self":[{"href":"https:\/\/annaokroj.pl\/index.php\/wp-json\/wp\/v2\/pages\/587","targetHints":{"allow":["GET"]}}],"collection":[{"href":"https:\/\/annaokroj.pl\/index.php\/wp-json\/wp\/v2\/pages"}],"about":[{"href":"https:\/\/annaokroj.pl\/index.php\/wp-json\/wp\/v2\/types\/page"}],"author":[{"embeddable":true,"href":"https:\/\/annaokroj.pl\/index.php\/wp-json\/wp\/v2\/users\/1"}],"replies":[{"embeddable":true,"href":"https:\/\/annaokroj.pl\/index.php\/wp-json\/wp\/v2\/comments?post=587"}],"version-history":[{"count":12,"href":"https:\/\/annaokroj.pl\/index.php\/wp-json\/wp\/v2\/pages\/587\/revisions"}],"predecessor-version":[{"id":665,"href":"https:\/\/annaokroj.pl\/index.php\/wp-json\/wp\/v2\/pages\/587\/revisions\/665"}],"wp:attachment":[{"href":"https:\/\/annaokroj.pl\/index.php\/wp-json\/wp\/v2\/media?parent=587"}],"curies":[{"name":"wp","href":"https:\/\/api.w.org\/{rel}","templated":true}]}}